{"id":517,"date":"2020-06-19T16:09:21","date_gmt":"2020-06-19T16:09:21","guid":{"rendered":"https:\/\/payshop.com.co\/?page_id=517"},"modified":"2022-08-09T08:42:04","modified_gmt":"2022-08-09T13:42:04","slug":"old-contacto-payshop","status":"publish","type":"page","link":"https:\/\/payshop.com.co\/?page_id=517","title":{"rendered":"old Contacto PayShop"},"content":{"rendered":"\n[et_pb_section fb_built=\u00bb1&#8243; _builder_version=\u00bb4.4.8&#8243; da_disable_devices=\u00bboff|off|off\u00bb global_colors_info=\u00bb{}\u00bb da_is_popup=\u00bboff\u00bb da_exit_intent=\u00bboff\u00bb da_has_close=\u00bbon\u00bb da_alt_close=\u00bboff\u00bb da_dark_close=\u00bboff\u00bb da_not_modal=\u00bbon\u00bb da_is_singular=\u00bboff\u00bb da_with_loader=\u00bboff\u00bb da_has_shadow=\u00bbon\u00bb][et_pb_row column_structure=\u00bb1_2,1_2&#8243; _builder_version=\u00bb4.4.8&#8243; global_colors_info=\u00bb{}\u00bb][et_pb_column type=\u00bb1_2&#8243; _builder_version=\u00bb4.4.8&#8243; global_colors_info=\u00bb{}\u00bb][et_pb_image src=\u00bbhttps:\/\/payshop.com.co\/wp-content\/uploads\/2020\/07\/175.png\u00bb title_text=\u00bb175&#8243; align=\u00bbright\u00bb _builder_version=\u00bb4.4.8&#8243; width=\u00bb100%\u00bb max_width=\u00bb100%\u00bb min_height=\u00bb298px\u00bb min_height_tablet=\u00bb\u00bb min_height_phone=\u00bb\u00bb min_height_last_edited=\u00bbon|desktop\u00bb height=\u00bb479px\u00bb height_tablet=\u00bb\u00bb height_phone=\u00bb298px\u00bb height_last_edited=\u00bbon|phone\u00bb custom_margin=\u00bb101px||||false|false\u00bb custom_margin_tablet=\u00bb\u00bb custom_margin_phone=\u00bb\u00bb custom_margin_last_edited=\u00bbon|desktop\u00bb custom_padding=\u00bb100px||||false|false\u00bb custom_padding_tablet=\u00bb\u00bb custom_padding_phone=\u00bb19px||||false|false\u00bb custom_padding_last_edited=\u00bbon|desktop\u00bb global_colors_info=\u00bb{}\u00bb][\/et_pb_image][\/et_pb_column][et_pb_column type=\u00bb1_2&#8243; _builder_version=\u00bb4.4.8&#8243; global_colors_info=\u00bb{}\u00bb][et_pb_text _builder_version=\u00bb4.14.6&#8243; text_font=\u00bbMontserrat|800||||on|||\u00bb text_text_color=\u00bb#000000&#8243; text_font_size=\u00bb44px\u00bb custom_margin=\u00bb95px||||false|false\u00bb hover_enabled=\u00bb0&#8243; global_colors_info=\u00bb{}\u00bb header_font=\u00bbNunito Sans|800|||||||\u00bb sticky_enabled=\u00bb0&#8243;]<h1 style=\"text-align: center;\">Queremos conocer\u00a0 m\u00e1s sobre tu negocio para guiarte en la creaci\u00f3n de tu tienda online<\/h1>[\/et_pb_text][et_pb_text _builder_version=\u00bb4.9.0&#8243; text_font=\u00bbMontserrat||||||||\u00bb text_font_size=\u00bb17px\u00bb custom_padding=\u00bb40px||||false|false\u00bb global_colors_info=\u00bb{}\u00bb]<p style=\"text-align: justify;\">Para esto, por favor ay\u00fadanos con la siguiente informaci\u00f3n:<\/p>[\/et_pb_text][et_pb_image src=\u00bbhttps:\/\/payshop.com.co\/wp-content\/uploads\/2020\/07\/telpayments2.jpg\u00bb title_text=\u00bbtelpayments2&#8243; _builder_version=\u00bb4.4.8&#8243; global_colors_info=\u00bb{}\u00bb][\/et_pb_image][et_pb_image src=\u00bbhttps:\/\/payshop.com.co\/wp-content\/uploads\/2020\/07\/whatsapp-payments.png\u00bb title_text=\u00bbwhatsapp-payments\u00bb _builder_version=\u00bb4.4.8&#8243; global_colors_info=\u00bb{}\u00bb][\/et_pb_image][et_pb_text _builder_version=\u00bb4.8.2&#8243; text_text_color=\u00bb#000000&#8243; custom_padding=\u00bb41px||||false|false\u00bb global_colors_info=\u00bb{}\u00bb]<p style=\"text-align: justify;\">O si lo prefieres puedes dejarnos tus datos y tu comentarios, as\u00ed uno de nuestros colaboradores se pondr\u00e1 en contacto contigo en el menor tiempo posible.<\/p>[\/et_pb_text][et_pb_contact_form email=\u00bbinfo@payshop.com.co\u00bb _builder_version=\u00bb4.13.1&#8243; _unique_id=\u00bbc023ae2e-b099-4c5a-8198-24c2a4a35266&#8243; form_field_custom_margin=\u00bb4px||||false|false\u00bb form_field_font=\u00bbMontserrat|600|||||||\u00bb custom_button=\u00bbon\u00bb button_text_color=\u00bb#ffffff\u00bb button_bg_color=\u00bb#34558B\u00bb button_icon=\u00bb&#x5a;||divi||400&#8243; transform_scale=\u00bb96%|96%\u00bb border_radii=\u00bbon|15px|15px|15px|15px\u00bb border_width_all=\u00bb1px\u00bb global_colors_info=\u00bb{}\u00bb][et_pb_contact_field field_id=\u00bbName\u00bb field_title=\u00bbNombre\u00bb _builder_version=\u00bb3.16&#8243; global_colors_info=\u00bb{}\u00bb button_text_size__hover_enabled=\u00bboff\u00bb button_one_text_size__hover_enabled=\u00bboff\u00bb button_two_text_size__hover_enabled=\u00bboff\u00bb button_text_color__hover_enabled=\u00bboff\u00bb button_one_text_color__hover_enabled=\u00bboff\u00bb button_two_text_color__hover_enabled=\u00bboff\u00bb button_border_width__hover_enabled=\u00bboff\u00bb button_one_border_width__hover_enabled=\u00bboff\u00bb button_two_border_width__hover_enabled=\u00bboff\u00bb button_border_color__hover_enabled=\u00bboff\u00bb button_one_border_color__hover_enabled=\u00bboff\u00bb button_two_border_color__hover_enabled=\u00bboff\u00bb button_border_radius__hover_enabled=\u00bboff\u00bb button_one_border_radius__hover_enabled=\u00bboff\u00bb button_two_border_radius__hover_enabled=\u00bboff\u00bb button_letter_spacing__hover_enabled=\u00bboff\u00bb button_one_letter_spacing__hover_enabled=\u00bboff\u00bb button_two_letter_spacing__hover_enabled=\u00bboff\u00bb button_bg_color__hover_enabled=\u00bboff\u00bb button_one_bg_color__hover_enabled=\u00bboff\u00bb button_two_bg_color__hover_enabled=\u00bboff\u00bb][\/et_pb_contact_field][et_pb_contact_field field_id=\u00bbEmail\u00bb field_title=\u00bbcorreo electr\u00f3nico\u00bb field_type=\u00bbemail\u00bb _builder_version=\u00bb4.4.8&#8243; global_colors_info=\u00bb{}\u00bb button_text_size__hover_enabled=\u00bboff\u00bb button_one_text_size__hover_enabled=\u00bboff\u00bb button_two_text_size__hover_enabled=\u00bboff\u00bb button_text_color__hover_enabled=\u00bboff\u00bb button_one_text_color__hover_enabled=\u00bboff\u00bb button_two_text_color__hover_enabled=\u00bboff\u00bb button_border_width__hover_enabled=\u00bboff\u00bb button_one_border_width__hover_enabled=\u00bboff\u00bb button_two_border_width__hover_enabled=\u00bboff\u00bb button_border_color__hover_enabled=\u00bboff\u00bb button_one_border_color__hover_enabled=\u00bboff\u00bb button_two_border_color__hover_enabled=\u00bboff\u00bb button_border_radius__hover_enabled=\u00bboff\u00bb button_one_border_radius__hover_enabled=\u00bboff\u00bb button_two_border_radius__hover_enabled=\u00bboff\u00bb button_letter_spacing__hover_enabled=\u00bboff\u00bb button_one_letter_spacing__hover_enabled=\u00bboff\u00bb button_two_letter_spacing__hover_enabled=\u00bboff\u00bb button_bg_color__hover_enabled=\u00bboff\u00bb button_one_bg_color__hover_enabled=\u00bboff\u00bb button_two_bg_color__hover_enabled=\u00bboff\u00bb][\/et_pb_contact_field][et_pb_contact_field field_id=\u00bbMessage\u00bb field_title=\u00bbMensaje\u00bb field_type=\u00bbtext\u00bb fullwidth_field=\u00bbon\u00bb _builder_version=\u00bb3.16&#8243; global_colors_info=\u00bb{}\u00bb button_text_size__hover_enabled=\u00bboff\u00bb button_one_text_size__hover_enabled=\u00bboff\u00bb button_two_text_size__hover_enabled=\u00bboff\u00bb button_text_color__hover_enabled=\u00bboff\u00bb button_one_text_color__hover_enabled=\u00bboff\u00bb button_two_text_color__hover_enabled=\u00bboff\u00bb button_border_width__hover_enabled=\u00bboff\u00bb button_one_border_width__hover_enabled=\u00bboff\u00bb button_two_border_width__hover_enabled=\u00bboff\u00bb button_border_color__hover_enabled=\u00bboff\u00bb button_one_border_color__hover_enabled=\u00bboff\u00bb button_two_border_color__hover_enabled=\u00bboff\u00bb button_border_radius__hover_enabled=\u00bboff\u00bb button_one_border_radius__hover_enabled=\u00bboff\u00bb button_two_border_radius__hover_enabled=\u00bboff\u00bb button_letter_spacing__hover_enabled=\u00bboff\u00bb button_one_letter_spacing__hover_enabled=\u00bboff\u00bb button_two_letter_spacing__hover_enabled=\u00bboff\u00bb button_bg_color__hover_enabled=\u00bboff\u00bb button_one_bg_color__hover_enabled=\u00bboff\u00bb button_two_bg_color__hover_enabled=\u00bboff\u00bb][\/et_pb_contact_field][\/et_pb_contact_form][\/et_pb_column][\/et_pb_row][\/et_pb_section]\n","protected":false},"excerpt":{"rendered":"<p>Queremos conocer\u00a0 m\u00e1s sobre tu negocio para guiarte en la creaci\u00f3n de tu tienda onlinePara esto, por favor ay\u00fadanos con la siguiente informaci\u00f3n:O si lo prefieres puedes dejarnos tus datos y tu comentarios, as\u00ed uno de nuestros colaboradores se pondr\u00e1 en contacto contigo en el menor tiempo posible.<\/p>\n","protected":false},"author":1,"featured_media":0,"parent":0,"menu_order":36,"comment_status":"closed","ping_status":"closed","template":"","meta":{"_et_pb_use_builder":"on","_et_pb_old_content":"","_et_gb_content_width":"","content-type":"","_monsterinsights_skip_tracking":false,"_monsterinsights_sitenote_active":false,"_monsterinsights_sitenote_note":"","_monsterinsights_sitenote_category":0,"_joinchat":[],"footnotes":""},"class_list":["post-517","page","type-page","status-publish","hentry"],"yoast_head":"<!-- This site is optimized with the Yoast SEO plugin v27.0 - https:\/\/yoast.com\/product\/yoast-seo-wordpress\/ -->\n<title>old Contacto PayShop - PayShop<\/title>\n<meta name=\"robots\" content=\"index, follow, max-snippet:-1, max-image-preview:large, max-video-preview:-1\" \/>\n<link rel=\"canonical\" href=\"https:\/\/payshop.com.co\/?page_id=517\" \/>\n<meta property=\"og:locale\" content=\"es_ES\" \/>\n<meta property=\"og:type\" content=\"article\" \/>\n<meta property=\"og:title\" content=\"old Contacto PayShop - PayShop\" \/>\n<meta property=\"og:description\" content=\"Queremos conocer\u00a0 m\u00e1s sobre tu negocio para guiarte en la creaci\u00f3n de tu tienda onlinePara esto, por favor ay\u00fadanos con la siguiente informaci\u00f3n:O si lo prefieres puedes dejarnos tus datos y tu comentarios, as\u00ed uno de nuestros colaboradores se pondr\u00e1 en contacto contigo en el menor tiempo posible.\" \/>\n<meta property=\"og:url\" content=\"https:\/\/payshop.com.co\/?page_id=517\" \/>\n<meta property=\"og:site_name\" content=\"PayShop\" \/>\n<meta property=\"article:modified_time\" content=\"2022-08-09T13:42:04+00:00\" \/>\n<meta name=\"twitter:card\" content=\"summary_large_image\" \/>\n<meta name=\"twitter:label1\" content=\"Tiempo de lectura\" \/>\n\t<meta name=\"twitter:data1\" content=\"5 minutos\" \/>\n<script type=\"application\/ld+json\" class=\"yoast-schema-graph\">{\"@context\":\"https:\/\/schema.org\",\"@graph\":[{\"@type\":\"WebPage\",\"@id\":\"https:\/\/payshop.com.co\/?page_id=517\",\"url\":\"https:\/\/payshop.com.co\/?page_id=517\",\"name\":\"old Contacto PayShop - PayShop\",\"isPartOf\":{\"@id\":\"https:\/\/payshop.com.co\/#website\"},\"datePublished\":\"2020-06-19T16:09:21+00:00\",\"dateModified\":\"2022-08-09T13:42:04+00:00\",\"breadcrumb\":{\"@id\":\"https:\/\/payshop.com.co\/?page_id=517#breadcrumb\"},\"inLanguage\":\"es\",\"potentialAction\":[{\"@type\":\"ReadAction\",\"target\":[\"https:\/\/payshop.com.co\/?page_id=517\"]}]},{\"@type\":\"BreadcrumbList\",\"@id\":\"https:\/\/payshop.com.co\/?page_id=517#breadcrumb\",\"itemListElement\":[{\"@type\":\"ListItem\",\"position\":1,\"name\":\"Portada\",\"item\":\"https:\/\/payshop.com.co\/\"},{\"@type\":\"ListItem\",\"position\":2,\"name\":\"old Contacto PayShop\"}]},{\"@type\":\"WebSite\",\"@id\":\"https:\/\/payshop.com.co\/#website\",\"url\":\"https:\/\/payshop.com.co\/\",\"name\":\"PayShop\",\"description\":\"Crea tu Tienda Gratis\",\"potentialAction\":[{\"@type\":\"SearchAction\",\"target\":{\"@type\":\"EntryPoint\",\"urlTemplate\":\"https:\/\/payshop.com.co\/?s={search_term_string}\"},\"query-input\":{\"@type\":\"PropertyValueSpecification\",\"valueRequired\":true,\"valueName\":\"search_term_string\"}}],\"inLanguage\":\"es\"}]}<\/script>\n<!-- \/ Yoast SEO plugin. -->","yoast_head_json":{"title":"old Contacto PayShop - PayShop","robots":{"index":"index","follow":"follow","max-snippet":"max-snippet:-1","max-image-preview":"max-image-preview:large","max-video-preview":"max-video-preview:-1"},"canonical":"https:\/\/payshop.com.co\/?page_id=517","og_locale":"es_ES","og_type":"article","og_title":"old Contacto PayShop - PayShop","og_description":"Queremos conocer\u00a0 m\u00e1s sobre tu negocio para guiarte en la creaci\u00f3n de tu tienda onlinePara esto, por favor ay\u00fadanos con la siguiente informaci\u00f3n:O si lo prefieres puedes dejarnos tus datos y tu comentarios, as\u00ed uno de nuestros colaboradores se pondr\u00e1 en contacto contigo en el menor tiempo posible.","og_url":"https:\/\/payshop.com.co\/?page_id=517","og_site_name":"PayShop","article_modified_time":"2022-08-09T13:42:04+00:00","twitter_card":"summary_large_image","twitter_misc":{"Tiempo de lectura":"5 minutos"},"schema":{"@context":"https:\/\/schema.org","@graph":[{"@type":"WebPage","@id":"https:\/\/payshop.com.co\/?page_id=517","url":"https:\/\/payshop.com.co\/?page_id=517","name":"old Contacto PayShop - PayShop","isPartOf":{"@id":"https:\/\/payshop.com.co\/#website"},"datePublished":"2020-06-19T16:09:21+00:00","dateModified":"2022-08-09T13:42:04+00:00","breadcrumb":{"@id":"https:\/\/payshop.com.co\/?page_id=517#breadcrumb"},"inLanguage":"es","potentialAction":[{"@type":"ReadAction","target":["https:\/\/payshop.com.co\/?page_id=517"]}]},{"@type":"BreadcrumbList","@id":"https:\/\/payshop.com.co\/?page_id=517#breadcrumb","itemListElement":[{"@type":"ListItem","position":1,"name":"Portada","item":"https:\/\/payshop.com.co\/"},{"@type":"ListItem","position":2,"name":"old Contacto PayShop"}]},{"@type":"WebSite","@id":"https:\/\/payshop.com.co\/#website","url":"https:\/\/payshop.com.co\/","name":"PayShop","description":"Crea tu Tienda Gratis","potentialAction":[{"@type":"SearchAction","target":{"@type":"EntryPoint","urlTemplate":"https:\/\/payshop.com.co\/?s={search_term_string}"},"query-input":{"@type":"PropertyValueSpecification","valueRequired":true,"valueName":"search_term_string"}}],"inLanguage":"es"}]}},"_links":{"self":[{"href":"https:\/\/payshop.com.co\/index.php?rest_route=\/wp\/v2\/pages\/517","targetHints":{"allow":["GET"]}}],"collection":[{"href":"https:\/\/payshop.com.co\/index.php?rest_route=\/wp\/v2\/pages"}],"about":[{"href":"https:\/\/payshop.com.co\/index.php?rest_route=\/wp\/v2\/types\/page"}],"author":[{"embeddable":true,"href":"https:\/\/payshop.com.co\/index.php?rest_route=\/wp\/v2\/users\/1"}],"replies":[{"embeddable":true,"href":"https:\/\/payshop.com.co\/index.php?rest_route=%2Fwp%2Fv2%2Fcomments&post=517"}],"version-history":[{"count":63,"href":"https:\/\/payshop.com.co\/index.php?rest_route=\/wp\/v2\/pages\/517\/revisions"}],"predecessor-version":[{"id":3025,"href":"https:\/\/payshop.com.co\/index.php?rest_route=\/wp\/v2\/pages\/517\/revisions\/3025"}],"wp:attachment":[{"href":"https:\/\/payshop.com.co\/index.php?rest_route=%2Fwp%2Fv2%2Fmedia&parent=517"}],"curies":[{"name":"wp","href":"https:\/\/api.w.org\/{rel}","templated":true}]}}