{"id":3154,"date":"2023-01-20T14:37:14","date_gmt":"2023-01-20T19:37:14","guid":{"rendered":"https:\/\/payshop.com.co\/?page_id=3154"},"modified":"2024-03-20T13:21:05","modified_gmt":"2024-03-20T18:21:05","slug":"alianzapayshopdaviviendaccbvisa","status":"publish","type":"page","link":"https:\/\/payshop.com.co\/?page_id=3154","title":{"rendered":"AlianzaPayshopDaviviendaCCBVisa"},"content":{"rendered":"<p>[et_pb_section fb_built=\u00bb1&#8243; disabled_on=\u00bbon|on|on\u00bb admin_label=\u00bbSection\u00bb _builder_version=\u00bb4.14.6&#8243; _module_preset=\u00bbdefault\u00bb disabled=\u00bbon\u00bb global_module=\u00bb3322&#8243; saved_tabs=\u00bball\u00bb global_colors_info=\u00bb{}\u00bb][et_pb_row _builder_version=\u00bb4.16&#8243; _module_preset=\u00bbdefault\u00bb global_colors_info=\u00bb{}\u00bb][et_pb_column type=\u00bb4_4&#8243; _builder_version=\u00bb4.16&#8243; _module_preset=\u00bbdefault\u00bb global_colors_info=\u00bb{}\u00bb][et_pb_video src=\u00bbhttps:\/\/youtu.be\/chCNPBCxFKc\u00bb image_src=\u00bbhttps:\/\/payshop.com.co\/wp-content\/uploads\/2023\/02\/Outro.jpg\u00bb _builder_version=\u00bb4.16&#8243; _module_preset=\u00bbdefault\u00bb border_radii=\u00bbon|15px|15px|15px|15px\u00bb global_colors_info=\u00bb{}\u00bb][\/et_pb_video][\/et_pb_column][\/et_pb_row][\/et_pb_section][et_pb_section fb_built=\u00bb1&#8243; custom_padding_last_edited=\u00bbon|desktop\u00bb admin_label=\u00bbAuthor Section\u00bb _builder_version=\u00bb4.16&#8243; background_color=\u00bb#e8e8e8&#8243; background_color_gradient_direction=\u00bb90deg\u00bb background_color_gradient_start=\u00bb#ffffff\u00bb background_color_gradient_end=\u00bb#f4f4f4&#8243; background_image=\u00bbhttps:\/\/payshop.com.co\/wp-content\/uploads\/2023\/01\/Grupo-159.png\u00bb parallax=\u00bbon\u00bb custom_margin=\u00bb|||\u00bb custom_margin_tablet=\u00bb0px|||\u00bb custom_margin_last_edited=\u00bboff|desktop\u00bb custom_padding=\u00bb14px|0|32px|||\u00bb custom_padding_tablet=\u00bb70px||120px|\u00bb custom_padding_phone=\u00bb\u00bb global_colors_info=\u00bb{}\u00bb][et_pb_row _builder_version=\u00bb4.16&#8243; _module_preset=\u00bbdefault\u00bb animation_style=\u00bbflip\u00bb animation_duration=\u00bb1900ms\u00bb global_colors_info=\u00bb{}\u00bb][et_pb_column type=\u00bb4_4&#8243; _builder_version=\u00bb4.16&#8243; _module_preset=\u00bbdefault\u00bb global_colors_info=\u00bb{}\u00bb][et_pb_divider show_divider=\u00bboff\u00bb _builder_version=\u00bb4.16&#8243; _module_preset=\u00bbdefault\u00bb min_height=\u00bb100px\u00bb global_colors_info=\u00bb{}\u00bb][\/et_pb_divider][et_pb_text _builder_version=\u00bb4.16&#8243; _module_preset=\u00bbdefault\u00bb text_font=\u00bbMontserrat||||||||\u00bb text_text_color=\u00bb#004fc0&#8243; text_font_size=\u00bb39px\u00bb text_line_height=\u00bb1.8em\u00bb custom_margin=\u00bb||1px|||\u00bb global_colors_info=\u00bb{}\u00bb]<\/p>\n<p style=\"text-align: center;\"><strong>\u00a1Elige que tipo de persona eres!<\/strong><\/p>\n<p>[\/et_pb_text][et_pb_text _builder_version=\u00bb4.16&#8243; _module_preset=\u00bbdefault\u00bb text_font=\u00bbMontserrat||||||||\u00bb global_colors_info=\u00bb{}\u00bb]<\/p>\n<p align=\"center\" style=\"text-align: center;\">Luego de seleccionar el tipo de persona llena el formulario correspondiente que te aparecer\u00e1.<o:p><\/o:p><\/p>\n<p>[\/et_pb_text][\/et_pb_column][\/et_pb_row][et_pb_row column_structure=\u00bb1_2,1_2&#8243; _builder_version=\u00bb4.16&#8243; _module_preset=\u00bbdefault\u00bb global_colors_info=\u00bb{}\u00bb][et_pb_column type=\u00bb1_2&#8243; _builder_version=\u00bb4.16&#8243; _module_preset=\u00bbdefault\u00bb global_colors_info=\u00bb{}\u00bb][et_pb_button button_url=\u00bbhttps:\/\/merchant.paymentsway.co\/registro-persona-natural?origen=Payshop\u00bb url_new_window=\u00bbon\u00bb button_text=\u00bbPersona Natural\u00bb button_alignment=\u00bbcenter\u00bb _builder_version=\u00bb4.24.2&#8243; _module_preset=\u00bbdefault\u00bb custom_button=\u00bbon\u00bb button_text_size=\u00bb45px\u00bb button_text_color=\u00bb#FFFFFF\u00bb button_bg_color=\u00bb#004fc0&#8243; button_border_color=\u00bbRGBA(255,255,255,0)\u00bb button_border_radius=\u00bb16px\u00bb button_font=\u00bbMontserrat||||||||\u00bb animation_style=\u00bbfold\u00bb animation_direction=\u00bbright\u00bb animation_duration=\u00bb2000ms\u00bb hover_enabled=\u00bb0&#8243; global_colors_info=\u00bb{}\u00bb sticky_enabled=\u00bb0&#8243;][\/et_pb_button][\/et_pb_column][et_pb_column type=\u00bb1_2&#8243; _builder_version=\u00bb4.16&#8243; _module_preset=\u00bbdefault\u00bb global_colors_info=\u00bb{}\u00bb][et_pb_button button_url=\u00bbhttps:\/\/merchant.paymentsway.co\/registro-persona-juridica?origen=Payshop\u00bb url_new_window=\u00bbon\u00bb button_text=\u00bbPersona Juridica\u00bb button_alignment=\u00bbcenter\u00bb _builder_version=\u00bb4.22.0&#8243; _module_preset=\u00bbdefault\u00bb custom_button=\u00bbon\u00bb button_text_size=\u00bb45px\u00bb button_text_color=\u00bb#FFFFFF\u00bb button_bg_color=\u00bb#004fc0&#8243; button_border_color=\u00bbRGBA(255,255,255,0)\u00bb button_border_radius=\u00bb16px\u00bb button_font=\u00bbMontserrat||||||||\u00bb custom_margin=\u00bb||-52px|||\u00bb animation_style=\u00bbfold\u00bb animation_direction=\u00bbleft\u00bb animation_duration=\u00bb2000ms\u00bb global_colors_info=\u00bb{}\u00bb][\/et_pb_button][et_pb_divider show_divider=\u00bboff\u00bb _builder_version=\u00bb4.16&#8243; _module_preset=\u00bbdefault\u00bb width=\u00bb1%\u00bb min_height=\u00bb100px\u00bb global_colors_info=\u00bb{}\u00bb][\/et_pb_divider][\/et_pb_column][\/et_pb_row][et_pb_row column_structure=\u00bb1_2,1_2&#8243; disabled_on=\u00bbon|on|on\u00bb _builder_version=\u00bb4.22.0&#8243; _module_preset=\u00bbdefault\u00bb disabled=\u00bbon\u00bb global_colors_info=\u00bb{}\u00bb][et_pb_column type=\u00bb1_2&#8243; _builder_version=\u00bb4.16&#8243; _module_preset=\u00bbdefault\u00bb global_colors_info=\u00bb{}\u00bb][et_pb_button button_text=\u00bbPersona Natural\u00bb button_alignment=\u00bbcenter\u00bb disabled_on=\u00bbon|on|on\u00bb module_class=\u00bbtest-popup\u00bb _builder_version=\u00bb4.22.0&#8243; _module_preset=\u00bbdefault\u00bb custom_button=\u00bbon\u00bb button_text_size=\u00bb45px\u00bb button_text_color=\u00bb#FFFFFF\u00bb button_bg_color=\u00bb#004fc0&#8243; button_border_color=\u00bbRGBA(255,255,255,0)\u00bb button_border_radius=\u00bb16px\u00bb button_font=\u00bbMontserrat||||||||\u00bb animation_style=\u00bbfold\u00bb animation_direction=\u00bbright\u00bb animation_duration=\u00bb2000ms\u00bb disabled=\u00bbon\u00bb global_colors_info=\u00bb{}\u00bb][\/et_pb_button][\/et_pb_column][et_pb_column type=\u00bb1_2&#8243; _builder_version=\u00bb4.16&#8243; _module_preset=\u00bbdefault\u00bb global_colors_info=\u00bb{}\u00bb][et_pb_button button_text=\u00bbPersona Juridica\u00bb button_alignment=\u00bbcenter\u00bb disabled_on=\u00bbon|on|on\u00bb module_class=\u00bbtestjuridica\u00bb _builder_version=\u00bb4.22.0&#8243; _module_preset=\u00bbdefault\u00bb custom_button=\u00bbon\u00bb button_text_size=\u00bb45px\u00bb button_text_color=\u00bb#FFFFFF\u00bb button_bg_color=\u00bb#004fc0&#8243; button_border_color=\u00bbRGBA(255,255,255,0)\u00bb button_border_radius=\u00bb16px\u00bb button_font=\u00bbMontserrat||||||||\u00bb custom_margin=\u00bb||-52px|||\u00bb animation_style=\u00bbfold\u00bb animation_direction=\u00bbleft\u00bb animation_duration=\u00bb2000ms\u00bb disabled=\u00bbon\u00bb global_colors_info=\u00bb{}\u00bb][\/et_pb_button][et_pb_divider show_divider=\u00bboff\u00bb _builder_version=\u00bb4.16&#8243; _module_preset=\u00bbdefault\u00bb width=\u00bb1%\u00bb min_height=\u00bb100px\u00bb global_colors_info=\u00bb{}\u00bb][\/et_pb_divider][\/et_pb_column][\/et_pb_row][\/et_pb_section][et_pb_section fb_built=\u00bb1&#8243; _builder_version=\u00bb4.16&#8243; _module_preset=\u00bbdefault\u00bb background_color=\u00bb#dddddd\u00bb custom_padding=\u00bb20px||83px|||\u00bb box_shadow_style=\u00bbpreset1&#8243; box_shadow_color=\u00bbrgba(0,0,0,0.15)\u00bb global_colors_info=\u00bb{}\u00bb][et_pb_row _builder_version=\u00bb4.16&#8243; _module_preset=\u00bbdefault\u00bb custom_margin=\u00bb|auto|-52px|auto||\u00bb custom_padding=\u00bb||26px|||\u00bb global_colors_info=\u00bb{}\u00bb][et_pb_column type=\u00bb4_4&#8243; _builder_version=\u00bb4.16&#8243; _module_preset=\u00bbdefault\u00bb global_colors_info=\u00bb{}\u00bb][et_pb_code _builder_version=\u00bb4.16&#8243; _module_preset=\u00bbdefault\u00bb global_colors_info=\u00bb{}\u00bb]<\/p>\n<div><!-- [et_pb_line_break_holder] -->  <input type=\"checkbox\"\/><!-- [et_pb_line_break_holder] -->  <label for=\"hipodoge\" > Autorizo de manera libre, expresa, voluntaria e informada a PAYMENTS WAY SOLUTIONS S.A.S. para que recolecte, almacene, comparta y haga tratamiento de la informaci\u00f3n recolectada conforme a lo expuesto en la pol\u00edtica de privacidad y confidencialidad, y a la autorizaci\u00f3n para el Tratamiento de Datos Personales.<\/label><!-- [et_pb_line_break_holder] --><\/div>\n<p>[\/et_pb_code][et_pb_text _builder_version=\u00bb4.16&#8243; _module_preset=\u00bbdefault\u00bb text_text_color=\u00bb#FFFFFF\u00bb text_orientation=\u00bbcenter\u00bb custom_margin=\u00bb||13px|||\u00bb link_option_url=\u00bbhttps:\/\/paymentsway.co\/politicas-de-privacidad\/\u00bb link_option_url_new_window=\u00bbon\u00bb global_colors_info=\u00bb{}\u00bb]<\/p>\n<p><span style=\"text-decoration: underline;\"><a href=\"https:\/\/paymentsway.co\/politicas-de-privacidad\/\" target=\"_blank\" rel=\"noopener\">Al introducir mis datos, afirmo estar consciente de las directrices de la Pol\u00edtica de Privacidad.<\/a><\/span><\/p>\n<p>[\/et_pb_text][et_pb_text _builder_version=\u00bb4.16&#8243; _module_preset=\u00bbdefault\u00bb text_text_color=\u00bb#FFFFFF\u00bb text_orientation=\u00bbcenter\u00bb link_option_url=\u00bbhttps:\/\/paymentsway.co\/tratamiento-de-datos\/\u00bb link_option_url_new_window=\u00bbon\u00bb global_colors_info=\u00bb{}\u00bb]<\/p>\n<p><span style=\"text-decoration: underline;\"><a href=\"https:\/\/paymentsway.co\/tratamiento-de-datos\/\" target=\"_blank\" rel=\"noopener\">Tratamiento de datos personales<\/a><\/span><\/p>\n<p>[\/et_pb_text][\/et_pb_column][\/et_pb_row][\/et_pb_section]<\/p>\n","protected":false},"excerpt":{"rendered":"<p>\u00a1Elige que tipo de persona eres!Luego de seleccionar el tipo de persona llena el formulario correspondiente que te aparecer\u00e1.Al introducir mis datos, afirmo estar consciente de las directrices de la Pol\u00edtica de Privacidad.Tratamiento de datos personales<\/p>\n","protected":false},"author":1,"featured_media":0,"parent":0,"menu_order":21,"comment_status":"closed","ping_status":"closed","template":"","meta":{"_et_pb_use_builder":"on","_et_pb_old_content":"<!-- wp:divi\/placeholder \/-->","_et_gb_content_width":"","content-type":"","_monsterinsights_skip_tracking":false,"_monsterinsights_sitenote_active":false,"_monsterinsights_sitenote_note":"","_monsterinsights_sitenote_category":0,"_joinchat":[],"footnotes":""},"class_list":["post-3154","page","type-page","status-publish","hentry"],"yoast_head":"<!-- This site is optimized with the Yoast SEO plugin v27.0 - https:\/\/yoast.com\/product\/yoast-seo-wordpress\/ -->\n<title>AlianzaPayshopDaviviendaCCBVisa - PayShop<\/title>\n<meta name=\"robots\" content=\"index, follow, max-snippet:-1, max-image-preview:large, max-video-preview:-1\" \/>\n<link rel=\"canonical\" href=\"https:\/\/payshop.com.co\/?page_id=3154\" \/>\n<meta property=\"og:locale\" content=\"es_ES\" \/>\n<meta property=\"og:type\" content=\"article\" \/>\n<meta property=\"og:title\" content=\"AlianzaPayshopDaviviendaCCBVisa - PayShop\" \/>\n<meta property=\"og:description\" content=\"\u00a1Elige que tipo de persona eres!Luego de seleccionar el tipo de persona llena el formulario correspondiente que te aparecer\u00e1.Al introducir mis datos, afirmo estar consciente de las directrices de la Pol\u00edtica de Privacidad.Tratamiento de datos personales\" \/>\n<meta property=\"og:url\" content=\"https:\/\/payshop.com.co\/?page_id=3154\" \/>\n<meta property=\"og:site_name\" content=\"PayShop\" \/>\n<meta property=\"article:modified_time\" content=\"2024-03-20T18:21:05+00:00\" \/>\n<meta name=\"twitter:card\" content=\"summary_large_image\" \/>\n<meta name=\"twitter:label1\" content=\"Tiempo de lectura\" \/>\n\t<meta name=\"twitter:data1\" content=\"5 minutos\" \/>\n<script type=\"application\/ld+json\" class=\"yoast-schema-graph\">{\"@context\":\"https:\/\/schema.org\",\"@graph\":[{\"@type\":\"WebPage\",\"@id\":\"https:\/\/payshop.com.co\/?page_id=3154\",\"url\":\"https:\/\/payshop.com.co\/?page_id=3154\",\"name\":\"AlianzaPayshopDaviviendaCCBVisa - PayShop\",\"isPartOf\":{\"@id\":\"https:\/\/payshop.com.co\/#website\"},\"datePublished\":\"2023-01-20T19:37:14+00:00\",\"dateModified\":\"2024-03-20T18:21:05+00:00\",\"breadcrumb\":{\"@id\":\"https:\/\/payshop.com.co\/?page_id=3154#breadcrumb\"},\"inLanguage\":\"es\",\"potentialAction\":[{\"@type\":\"ReadAction\",\"target\":[\"https:\/\/payshop.com.co\/?page_id=3154\"]}]},{\"@type\":\"BreadcrumbList\",\"@id\":\"https:\/\/payshop.com.co\/?page_id=3154#breadcrumb\",\"itemListElement\":[{\"@type\":\"ListItem\",\"position\":1,\"name\":\"Portada\",\"item\":\"https:\/\/payshop.com.co\/\"},{\"@type\":\"ListItem\",\"position\":2,\"name\":\"AlianzaPayshopDaviviendaCCBVisa\"}]},{\"@type\":\"WebSite\",\"@id\":\"https:\/\/payshop.com.co\/#website\",\"url\":\"https:\/\/payshop.com.co\/\",\"name\":\"PayShop\",\"description\":\"Crea tu Tienda Gratis\",\"potentialAction\":[{\"@type\":\"SearchAction\",\"target\":{\"@type\":\"EntryPoint\",\"urlTemplate\":\"https:\/\/payshop.com.co\/?s={search_term_string}\"},\"query-input\":{\"@type\":\"PropertyValueSpecification\",\"valueRequired\":true,\"valueName\":\"search_term_string\"}}],\"inLanguage\":\"es\"}]}<\/script>\n<!-- \/ Yoast SEO plugin. -->","yoast_head_json":{"title":"AlianzaPayshopDaviviendaCCBVisa - PayShop","robots":{"index":"index","follow":"follow","max-snippet":"max-snippet:-1","max-image-preview":"max-image-preview:large","max-video-preview":"max-video-preview:-1"},"canonical":"https:\/\/payshop.com.co\/?page_id=3154","og_locale":"es_ES","og_type":"article","og_title":"AlianzaPayshopDaviviendaCCBVisa - PayShop","og_description":"\u00a1Elige que tipo de persona eres!Luego de seleccionar el tipo de persona llena el formulario correspondiente que te aparecer\u00e1.Al introducir mis datos, afirmo estar consciente de las directrices de la Pol\u00edtica de Privacidad.Tratamiento de datos personales","og_url":"https:\/\/payshop.com.co\/?page_id=3154","og_site_name":"PayShop","article_modified_time":"2024-03-20T18:21:05+00:00","twitter_card":"summary_large_image","twitter_misc":{"Tiempo de lectura":"5 minutos"},"schema":{"@context":"https:\/\/schema.org","@graph":[{"@type":"WebPage","@id":"https:\/\/payshop.com.co\/?page_id=3154","url":"https:\/\/payshop.com.co\/?page_id=3154","name":"AlianzaPayshopDaviviendaCCBVisa - PayShop","isPartOf":{"@id":"https:\/\/payshop.com.co\/#website"},"datePublished":"2023-01-20T19:37:14+00:00","dateModified":"2024-03-20T18:21:05+00:00","breadcrumb":{"@id":"https:\/\/payshop.com.co\/?page_id=3154#breadcrumb"},"inLanguage":"es","potentialAction":[{"@type":"ReadAction","target":["https:\/\/payshop.com.co\/?page_id=3154"]}]},{"@type":"BreadcrumbList","@id":"https:\/\/payshop.com.co\/?page_id=3154#breadcrumb","itemListElement":[{"@type":"ListItem","position":1,"name":"Portada","item":"https:\/\/payshop.com.co\/"},{"@type":"ListItem","position":2,"name":"AlianzaPayshopDaviviendaCCBVisa"}]},{"@type":"WebSite","@id":"https:\/\/payshop.com.co\/#website","url":"https:\/\/payshop.com.co\/","name":"PayShop","description":"Crea tu Tienda Gratis","potentialAction":[{"@type":"SearchAction","target":{"@type":"EntryPoint","urlTemplate":"https:\/\/payshop.com.co\/?s={search_term_string}"},"query-input":{"@type":"PropertyValueSpecification","valueRequired":true,"valueName":"search_term_string"}}],"inLanguage":"es"}]}},"_links":{"self":[{"href":"https:\/\/payshop.com.co\/index.php?rest_route=\/wp\/v2\/pages\/3154","targetHints":{"allow":["GET"]}}],"collection":[{"href":"https:\/\/payshop.com.co\/index.php?rest_route=\/wp\/v2\/pages"}],"about":[{"href":"https:\/\/payshop.com.co\/index.php?rest_route=\/wp\/v2\/types\/page"}],"author":[{"embeddable":true,"href":"https:\/\/payshop.com.co\/index.php?rest_route=\/wp\/v2\/users\/1"}],"replies":[{"embeddable":true,"href":"https:\/\/payshop.com.co\/index.php?rest_route=%2Fwp%2Fv2%2Fcomments&post=3154"}],"version-history":[{"count":45,"href":"https:\/\/payshop.com.co\/index.php?rest_route=\/wp\/v2\/pages\/3154\/revisions"}],"predecessor-version":[{"id":3427,"href":"https:\/\/payshop.com.co\/index.php?rest_route=\/wp\/v2\/pages\/3154\/revisions\/3427"}],"wp:attachment":[{"href":"https:\/\/payshop.com.co\/index.php?rest_route=%2Fwp%2Fv2%2Fmedia&parent=3154"}],"curies":[{"name":"wp","href":"https:\/\/api.w.org\/{rel}","templated":true}]}}