{"id":2636,"date":"2022-08-06T01:52:38","date_gmt":"2022-08-06T06:52:38","guid":{"rendered":"https:\/\/payshop.com.co\/?page_id=2636"},"modified":"2022-10-19T20:08:57","modified_gmt":"2022-10-20T01:08:57","slug":"tarifas","status":"publish","type":"page","link":"https:\/\/payshop.com.co\/?page_id=2636","title":{"rendered":"Tarifas"},"content":{"rendered":"<p>[et_pb_section fb_built=\u00bb1&#8243; _builder_version=\u00bb4.14.6&#8243; _module_preset=\u00bbdefault\u00bb custom_padding=\u00bb||129px|||\u00bb da_disable_devices=\u00bboff|off|off\u00bb global_colors_info=\u00bb{}\u00bb da_is_popup=\u00bboff\u00bb da_exit_intent=\u00bboff\u00bb da_has_close=\u00bbon\u00bb da_alt_close=\u00bboff\u00bb da_dark_close=\u00bboff\u00bb da_not_modal=\u00bbon\u00bb da_is_singular=\u00bboff\u00bb da_with_loader=\u00bboff\u00bb da_has_shadow=\u00bbon\u00bb][et_pb_row _builder_version=\u00bb4.14.6&#8243; _module_preset=\u00bbdefault\u00bb global_colors_info=\u00bb{}\u00bb][et_pb_column type=\u00bb4_4&#8243; _builder_version=\u00bb4.14.6&#8243; _module_preset=\u00bbdefault\u00bb global_colors_info=\u00bb{}\u00bb][et_pb_text _builder_version=\u00bb4.14.6&#8243; _module_preset=\u00bbdefault\u00bb text_text_color=\u00bb#707070&#8243; text_orientation=\u00bbcenter\u00bb custom_margin=\u00bb||-1px|||\u00bb global_colors_info=\u00bb{}\u00bb]<\/p>\n<h1><span style=\"color: #707070; font-size: 30px;\"><strong>Conoce<\/strong><\/span><\/h1>\n<p>[\/et_pb_text][et_pb_text _builder_version=\u00bb4.14.6&#8243; _module_preset=\u00bbdefault\u00bb background_enable_color=\u00bboff\u00bb text_orientation=\u00bbcenter\u00bb custom_padding=\u00bb3px||3px||false|false\u00bb global_colors_info=\u00bb{}\u00bb]<\/p>\n<div style=\"display: flex; justify-content: center;\">\n<h1 style=\"background: #004FC0; width: fit-content; padding: 10px 20px;\"><strong><span style=\"color: #ffffff;\">nuestras tarifas<\/span><\/strong><\/h1>\n<\/div>\n<p>[\/et_pb_text][\/et_pb_column][\/et_pb_row][et_pb_row _builder_version=\u00bb4.14.6&#8243; _module_preset=\u00bbdefault\u00bb global_colors_info=\u00bb{}\u00bb][et_pb_column type=\u00bb4_4&#8243; _builder_version=\u00bb4.14.6&#8243; _module_preset=\u00bbdefault\u00bb global_colors_info=\u00bb{}\u00bb][et_pb_text _builder_version=\u00bb4.14.6&#8243; _module_preset=\u00bbdefault\u00bb text_orientation=\u00bbcenter\u00bb custom_padding=\u00bb0px|||||\u00bb global_colors_info=\u00bb{}\u00bb]<\/p>\n<p>S\u00f3lo cobramos por transacci\u00f3n exitosa y un cargo b\u00e1sico mensual seg\u00fan el nivel de transacciones que realices.<\/p>\n<p><strong>Entre m\u00e1s ventas realices menos pagas por tener tu p\u00e1gina web.<\/strong><\/p>\n<p>[\/et_pb_text][et_pb_text _builder_version=\u00bb4.14.6&#8243; _module_preset=\u00bbdefault\u00bb background_enable_color=\u00bboff\u00bb text_orientation=\u00bbcenter\u00bb custom_padding=\u00bb3px||3px||false|false\u00bb global_colors_info=\u00bb{}\u00bb]<\/p>\n<div style=\"display: flex; justify-content: center;\">\n<h1 style=\"background: #004FC0; width: fit-content; padding: 10px 20px;\"><strong><span style=\"color: #ffffff;\">Si en un mes realizas:<\/span><\/strong><\/h1>\n<\/div>\n<p>[\/et_pb_text][\/et_pb_column][\/et_pb_row][et_pb_row column_structure=\u00bb1_4,1_4,1_4,1_4&#8243; _builder_version=\u00bb4.14.6&#8243; _module_preset=\u00bbdefault\u00bb max_width=\u00bb100%\u00bb global_colors_info=\u00bb{}\u00bb][et_pb_column type=\u00bb1_4&#8243; _builder_version=\u00bb4.14.6&#8243; _module_preset=\u00bbdefault\u00bb custom_padding=\u00bb40px|15px|80px|15px|false|true\u00bb border_radii=\u00bbon|15px|15px|15px|15px\u00bb box_shadow_style=\u00bbpreset1&#8243; box_shadow_blur=\u00bb9px\u00bb global_colors_info=\u00bb{}\u00bb][et_pb_text _builder_version=\u00bb4.14.6&#8243; _module_preset=\u00bbdefault\u00bb global_colors_info=\u00bb{}\u00bb]<\/p>\n<h5 style=\"color: #004fc0; text-align: center;\"><strong>Nivel<\/strong><\/h5>\n<p>[\/et_pb_text][et_pb_text _builder_version=\u00bb4.14.6&#8243; _module_preset=\u00bbdefault\u00bb text_text_color=\u00bb#FFFFFF\u00bb text_font_size=\u00bb38px\u00bb header_text_align=\u00bbcenter\u00bb header_text_color=\u00bb#FFFFFF\u00bb header_font_size=\u00bb50px\u00bb background_color=\u00bb#004fc0&#8243; custom_margin=\u00bb||70px|||\u00bb custom_padding=\u00bb15px|25px|5px|25px|false|true\u00bb custom_css_main_element=\u00bbwidth: fit-content !important;||height: fit-content !important;||margin: auto;\u00bb border_radii=\u00bbon|1000px|1000px|1000px|1000px\u00bb locked=\u00bboff\u00bb global_colors_info=\u00bb{}\u00bb]<\/p>\n<h1 style=\"text-align: center;\"><strong>1<\/strong><\/h1>\n<p>[\/et_pb_text][et_pb_text admin_label=\u00bbTexto\u00bb _builder_version=\u00bb4.14.6&#8243; _module_preset=\u00bbdefault\u00bb global_colors_info=\u00bb{}\u00bb]<\/p>\n<h4 style=\"text-align: center;\">Entre <strong>0 y 10<\/strong> transacciones pagas <strong>$30.000COP\/mes<\/strong><\/h4>\n<p>[\/et_pb_text][\/et_pb_column][et_pb_column type=\u00bb1_4&#8243; _builder_version=\u00bb4.14.6&#8243; _module_preset=\u00bbdefault\u00bb custom_padding=\u00bb40px|15px|80px|15px|false|true\u00bb border_radii=\u00bbon|15px|15px|15px|15px\u00bb box_shadow_style=\u00bbpreset1&#8243; box_shadow_blur=\u00bb9px\u00bb global_colors_info=\u00bb{}\u00bb][et_pb_text _builder_version=\u00bb4.14.6&#8243; _module_preset=\u00bbdefault\u00bb global_colors_info=\u00bb{}\u00bb]<\/p>\n<h5 style=\"color: #004fc0; text-align: center;\"><strong>Nivel<\/strong><\/h5>\n<p>[\/et_pb_text][et_pb_text _builder_version=\u00bb4.14.6&#8243; _module_preset=\u00bbdefault\u00bb text_text_color=\u00bb#FFFFFF\u00bb text_font_size=\u00bb38px\u00bb header_text_align=\u00bbcenter\u00bb header_text_color=\u00bb#FFFFFF\u00bb header_font_size=\u00bb50px\u00bb background_color=\u00bb#004fc0&#8243; custom_margin=\u00bb||70px|||\u00bb custom_padding=\u00bb15px|25px|5px|25px|false|true\u00bb custom_css_main_element=\u00bbwidth: fit-content !important;||height: fit-content !important;||margin: auto;\u00bb border_radii=\u00bbon|1000px|1000px|1000px|1000px\u00bb locked=\u00bboff\u00bb global_colors_info=\u00bb{}\u00bb]<\/p>\n<h1 style=\"text-align: center;\"><strong>2<\/strong><\/h1>\n<p>[\/et_pb_text][et_pb_text admin_label=\u00bbTexto\u00bb _builder_version=\u00bb4.14.6&#8243; _module_preset=\u00bbdefault\u00bb global_colors_info=\u00bb{}\u00bb]<\/p>\n<h4 style=\"text-align: center;\">Entre <strong>11 y 20<\/strong> transacciones pagas <strong>$20.000COP\/mes<\/strong><\/h4>\n<p>[\/et_pb_text][\/et_pb_column][et_pb_column type=\u00bb1_4&#8243; _builder_version=\u00bb4.14.6&#8243; _module_preset=\u00bbdefault\u00bb custom_padding=\u00bb40px|15px|80px|15px|false|true\u00bb border_radii=\u00bbon|15px|15px|15px|15px\u00bb box_shadow_style=\u00bbpreset1&#8243; box_shadow_blur=\u00bb9px\u00bb global_colors_info=\u00bb{}\u00bb][et_pb_text _builder_version=\u00bb4.14.6&#8243; _module_preset=\u00bbdefault\u00bb global_colors_info=\u00bb{}\u00bb]<\/p>\n<h5 style=\"color: #004fc0; text-align: center;\"><strong>Nivel<\/strong><\/h5>\n<p>[\/et_pb_text][et_pb_text _builder_version=\u00bb4.14.6&#8243; _module_preset=\u00bbdefault\u00bb text_text_color=\u00bb#FFFFFF\u00bb text_font_size=\u00bb38px\u00bb header_text_align=\u00bbcenter\u00bb header_text_color=\u00bb#FFFFFF\u00bb header_font_size=\u00bb50px\u00bb background_color=\u00bb#004fc0&#8243; custom_margin=\u00bb||70px|||\u00bb custom_padding=\u00bb15px|25px|5px|25px|false|true\u00bb custom_css_main_element=\u00bbwidth: fit-content !important;||height: fit-content !important;||margin: auto;\u00bb border_radii=\u00bbon|1000px|1000px|1000px|1000px\u00bb locked=\u00bboff\u00bb global_colors_info=\u00bb{}\u00bb]<\/p>\n<h1 style=\"text-align: center;\"><strong>3<\/strong><\/h1>\n<p>[\/et_pb_text][et_pb_text admin_label=\u00bbTexto\u00bb _builder_version=\u00bb4.14.6&#8243; _module_preset=\u00bbdefault\u00bb global_colors_info=\u00bb{}\u00bb]<\/p>\n<h4 style=\"text-align: center;\">Entre <strong>21 y 30<\/strong> transacciones pagas <strong>$10.000COP\/mes<\/strong><\/h4>\n<p>[\/et_pb_text][\/et_pb_column][et_pb_column type=\u00bb1_4&#8243; _builder_version=\u00bb4.14.6&#8243; _module_preset=\u00bbdefault\u00bb custom_padding=\u00bb40px|15px|80px|15px|false|true\u00bb border_radii=\u00bbon|15px|15px|15px|15px\u00bb box_shadow_style=\u00bbpreset1&#8243; box_shadow_blur=\u00bb9px\u00bb global_colors_info=\u00bb{}\u00bb][et_pb_text _builder_version=\u00bb4.14.6&#8243; _module_preset=\u00bbdefault\u00bb global_colors_info=\u00bb{}\u00bb]<\/p>\n<h5 style=\"color: #004fc0; text-align: center;\"><strong>Nivel<\/strong><\/h5>\n<p>[\/et_pb_text][et_pb_text _builder_version=\u00bb4.14.6&#8243; _module_preset=\u00bbdefault\u00bb text_text_color=\u00bb#FFFFFF\u00bb text_font_size=\u00bb38px\u00bb header_text_align=\u00bbcenter\u00bb header_text_color=\u00bb#FFFFFF\u00bb header_font_size=\u00bb50px\u00bb background_color=\u00bb#004fc0&#8243; custom_margin=\u00bb||70px|||\u00bb custom_padding=\u00bb15px|25px|5px|25px|false|true\u00bb custom_css_main_element=\u00bbwidth: fit-content !important;||height: fit-content !important;||margin: auto;\u00bb border_radii=\u00bbon|1000px|1000px|1000px|1000px\u00bb locked=\u00bboff\u00bb global_colors_info=\u00bb{}\u00bb]<\/p>\n<h1 style=\"text-align: center;\"><strong>4<\/strong><\/h1>\n<p>[\/et_pb_text][et_pb_text admin_label=\u00bbTexto\u00bb _builder_version=\u00bb4.14.6&#8243; _module_preset=\u00bbdefault\u00bb global_colors_info=\u00bb{}\u00bb]<\/p>\n<h4 style=\"text-align: center;\"><strong>De 31 en adelante<\/strong> no pagas nada<\/h4>\n<p>[\/et_pb_text][\/et_pb_column][\/et_pb_row][et_pb_row _builder_version=\u00bb4.14.6&#8243; _module_preset=\u00bbdefault\u00bb global_colors_info=\u00bb{}\u00bb][et_pb_column type=\u00bb4_4&#8243; _builder_version=\u00bb4.14.6&#8243; _module_preset=\u00bbdefault\u00bb global_colors_info=\u00bb{}\u00bb][et_pb_text _builder_version=\u00bb4.14.6&#8243; _module_preset=\u00bbdefault\u00bb global_colors_info=\u00bb{}\u00bb]<\/p>\n<h5 style=\"text-align: center;\">Tarifa modelo agregador <strong>2,95% + $750 + IVA + Retenciones.<\/strong><\/h5>\n<p>[\/et_pb_text][et_pb_text _builder_version=\u00bb4.14.6&#8243; _module_preset=\u00bbdefault\u00bb hover_enabled=\u00bb0&#8243; global_colors_info=\u00bb{}\u00bb sticky_enabled=\u00bb0&#8243;]<\/p>\n<h5 style=\"text-align: center;\"><i>Este cobro lo debitaremos del dinero recaudado.<\/i><\/h5>\n<p>[\/et_pb_text][et_pb_text _builder_version=\u00bb4.14.6&#8243; _module_preset=\u00bbdefault\u00bb hover_enabled=\u00bb0&#8243; global_colors_info=\u00bb{}\u00bb sticky_enabled=\u00bb0&#8243;]<\/p>\n<div style=\"text-align: center;\"><strong><i>En caso de no tener dinero disponible para realizar el d\u00e9bito, el cliente deber\u00e1 pagarnos.<\/i><\/strong><\/div>\n<p>[\/et_pb_text][\/et_pb_column][\/et_pb_row][\/et_pb_section]<\/p>\n","protected":false},"excerpt":{"rendered":"<p>Conoce nuestras tarifas S\u00f3lo cobramos por transacci\u00f3n exitosa y un cargo b\u00e1sico mensual seg\u00fan el nivel de transacciones que realices. Entre m\u00e1s ventas realices menos pagas por tener tu p\u00e1gina web. Si en un mes realizas: Nivel1Entre 0 y 10 transacciones pagas $30.000COP\/mesNivel2Entre 11 y 20 transacciones pagas $20.000COP\/mesNivel3Entre 21 y 30 transacciones pagas $10.000COP\/mesNivel4De [&hellip;]<\/p>\n","protected":false},"author":1,"featured_media":0,"parent":0,"menu_order":26,"comment_status":"closed","ping_status":"closed","template":"","meta":{"_et_pb_use_builder":"on","_et_pb_old_content":"","_et_gb_content_width":"","content-type":"","_monsterinsights_skip_tracking":false,"_monsterinsights_sitenote_active":false,"_monsterinsights_sitenote_note":"","_monsterinsights_sitenote_category":0,"_joinchat":[],"footnotes":""},"class_list":["post-2636","page","type-page","status-publish","hentry"],"yoast_head":"<!-- This site is optimized with the Yoast SEO plugin v27.0 - https:\/\/yoast.com\/product\/yoast-seo-wordpress\/ -->\n<title>Tarifas - PayShop<\/title>\n<meta name=\"robots\" content=\"index, follow, max-snippet:-1, max-image-preview:large, max-video-preview:-1\" \/>\n<link rel=\"canonical\" href=\"https:\/\/payshop.com.co\/?page_id=2636\" \/>\n<meta property=\"og:locale\" content=\"es_ES\" \/>\n<meta property=\"og:type\" content=\"article\" \/>\n<meta property=\"og:title\" content=\"Tarifas - PayShop\" \/>\n<meta property=\"og:description\" content=\"Conoce nuestras tarifas S\u00f3lo cobramos por transacci\u00f3n exitosa y un cargo b\u00e1sico mensual seg\u00fan el nivel de transacciones que realices. Entre m\u00e1s ventas realices menos pagas por tener tu p\u00e1gina web. Si en un mes realizas: Nivel1Entre 0 y 10 transacciones pagas $30.000COP\/mesNivel2Entre 11 y 20 transacciones pagas $20.000COP\/mesNivel3Entre 21 y 30 transacciones pagas $10.000COP\/mesNivel4De [&hellip;]\" \/>\n<meta property=\"og:url\" content=\"https:\/\/payshop.com.co\/?page_id=2636\" \/>\n<meta property=\"og:site_name\" content=\"PayShop\" \/>\n<meta property=\"article:modified_time\" content=\"2022-10-20T01:08:57+00:00\" \/>\n<meta name=\"twitter:card\" content=\"summary_large_image\" \/>\n<meta name=\"twitter:label1\" content=\"Tiempo de lectura\" \/>\n\t<meta name=\"twitter:data1\" content=\"5 minutos\" \/>\n<script type=\"application\/ld+json\" class=\"yoast-schema-graph\">{\"@context\":\"https:\/\/schema.org\",\"@graph\":[{\"@type\":\"WebPage\",\"@id\":\"https:\/\/payshop.com.co\/?page_id=2636\",\"url\":\"https:\/\/payshop.com.co\/?page_id=2636\",\"name\":\"Tarifas - PayShop\",\"isPartOf\":{\"@id\":\"https:\/\/payshop.com.co\/#website\"},\"datePublished\":\"2022-08-06T06:52:38+00:00\",\"dateModified\":\"2022-10-20T01:08:57+00:00\",\"breadcrumb\":{\"@id\":\"https:\/\/payshop.com.co\/?page_id=2636#breadcrumb\"},\"inLanguage\":\"es\",\"potentialAction\":[{\"@type\":\"ReadAction\",\"target\":[\"https:\/\/payshop.com.co\/?page_id=2636\"]}]},{\"@type\":\"BreadcrumbList\",\"@id\":\"https:\/\/payshop.com.co\/?page_id=2636#breadcrumb\",\"itemListElement\":[{\"@type\":\"ListItem\",\"position\":1,\"name\":\"Portada\",\"item\":\"https:\/\/payshop.com.co\/\"},{\"@type\":\"ListItem\",\"position\":2,\"name\":\"Tarifas\"}]},{\"@type\":\"WebSite\",\"@id\":\"https:\/\/payshop.com.co\/#website\",\"url\":\"https:\/\/payshop.com.co\/\",\"name\":\"PayShop\",\"description\":\"Crea tu Tienda Gratis\",\"potentialAction\":[{\"@type\":\"SearchAction\",\"target\":{\"@type\":\"EntryPoint\",\"urlTemplate\":\"https:\/\/payshop.com.co\/?s={search_term_string}\"},\"query-input\":{\"@type\":\"PropertyValueSpecification\",\"valueRequired\":true,\"valueName\":\"search_term_string\"}}],\"inLanguage\":\"es\"}]}<\/script>\n<!-- \/ Yoast SEO plugin. -->","yoast_head_json":{"title":"Tarifas - PayShop","robots":{"index":"index","follow":"follow","max-snippet":"max-snippet:-1","max-image-preview":"max-image-preview:large","max-video-preview":"max-video-preview:-1"},"canonical":"https:\/\/payshop.com.co\/?page_id=2636","og_locale":"es_ES","og_type":"article","og_title":"Tarifas - PayShop","og_description":"Conoce nuestras tarifas S\u00f3lo cobramos por transacci\u00f3n exitosa y un cargo b\u00e1sico mensual seg\u00fan el nivel de transacciones que realices. Entre m\u00e1s ventas realices menos pagas por tener tu p\u00e1gina web. Si en un mes realizas: Nivel1Entre 0 y 10 transacciones pagas $30.000COP\/mesNivel2Entre 11 y 20 transacciones pagas $20.000COP\/mesNivel3Entre 21 y 30 transacciones pagas $10.000COP\/mesNivel4De [&hellip;]","og_url":"https:\/\/payshop.com.co\/?page_id=2636","og_site_name":"PayShop","article_modified_time":"2022-10-20T01:08:57+00:00","twitter_card":"summary_large_image","twitter_misc":{"Tiempo de lectura":"5 minutos"},"schema":{"@context":"https:\/\/schema.org","@graph":[{"@type":"WebPage","@id":"https:\/\/payshop.com.co\/?page_id=2636","url":"https:\/\/payshop.com.co\/?page_id=2636","name":"Tarifas - PayShop","isPartOf":{"@id":"https:\/\/payshop.com.co\/#website"},"datePublished":"2022-08-06T06:52:38+00:00","dateModified":"2022-10-20T01:08:57+00:00","breadcrumb":{"@id":"https:\/\/payshop.com.co\/?page_id=2636#breadcrumb"},"inLanguage":"es","potentialAction":[{"@type":"ReadAction","target":["https:\/\/payshop.com.co\/?page_id=2636"]}]},{"@type":"BreadcrumbList","@id":"https:\/\/payshop.com.co\/?page_id=2636#breadcrumb","itemListElement":[{"@type":"ListItem","position":1,"name":"Portada","item":"https:\/\/payshop.com.co\/"},{"@type":"ListItem","position":2,"name":"Tarifas"}]},{"@type":"WebSite","@id":"https:\/\/payshop.com.co\/#website","url":"https:\/\/payshop.com.co\/","name":"PayShop","description":"Crea tu Tienda Gratis","potentialAction":[{"@type":"SearchAction","target":{"@type":"EntryPoint","urlTemplate":"https:\/\/payshop.com.co\/?s={search_term_string}"},"query-input":{"@type":"PropertyValueSpecification","valueRequired":true,"valueName":"search_term_string"}}],"inLanguage":"es"}]}},"_links":{"self":[{"href":"https:\/\/payshop.com.co\/index.php?rest_route=\/wp\/v2\/pages\/2636","targetHints":{"allow":["GET"]}}],"collection":[{"href":"https:\/\/payshop.com.co\/index.php?rest_route=\/wp\/v2\/pages"}],"about":[{"href":"https:\/\/payshop.com.co\/index.php?rest_route=\/wp\/v2\/types\/page"}],"author":[{"embeddable":true,"href":"https:\/\/payshop.com.co\/index.php?rest_route=\/wp\/v2\/users\/1"}],"replies":[{"embeddable":true,"href":"https:\/\/payshop.com.co\/index.php?rest_route=%2Fwp%2Fv2%2Fcomments&post=2636"}],"version-history":[{"count":17,"href":"https:\/\/payshop.com.co\/index.php?rest_route=\/wp\/v2\/pages\/2636\/revisions"}],"predecessor-version":[{"id":3117,"href":"https:\/\/payshop.com.co\/index.php?rest_route=\/wp\/v2\/pages\/2636\/revisions\/3117"}],"wp:attachment":[{"href":"https:\/\/payshop.com.co\/index.php?rest_route=%2Fwp%2Fv2%2Fmedia&parent=2636"}],"curies":[{"name":"wp","href":"https:\/\/api.w.org\/{rel}","templated":true}]}}