{"id":1949,"date":"2022-01-20T16:30:17","date_gmt":"2022-01-20T21:30:17","guid":{"rendered":"https:\/\/payshop.com.co\/?page_id=1949"},"modified":"2022-05-11T14:18:10","modified_gmt":"2022-05-11T19:18:10","slug":"como-funciona-tu-tienda","status":"publish","type":"page","link":"https:\/\/payshop.com.co\/?page_id=1949","title":{"rendered":"Como funciona tu tienda"},"content":{"rendered":"<p>[et_pb_section fb_built=\u00bb1&#8243; _builder_version=\u00bb4.14.6&#8243; _module_preset=\u00bbdefault\u00bb custom_padding=\u00bb||10px||false|false\u00bb hover_enabled=\u00bb0&#8243; da_disable_devices=\u00bboff|off|off\u00bb global_colors_info=\u00bb{}\u00bb sticky_enabled=\u00bb0&#8243; da_is_popup=\u00bboff\u00bb da_exit_intent=\u00bboff\u00bb da_has_close=\u00bbon\u00bb da_alt_close=\u00bboff\u00bb da_dark_close=\u00bboff\u00bb da_not_modal=\u00bbon\u00bb da_is_singular=\u00bboff\u00bb da_with_loader=\u00bboff\u00bb da_has_shadow=\u00bbon\u00bb][et_pb_row _builder_version=\u00bb4.14.6&#8243; _module_preset=\u00bbdefault\u00bb border_width_bottom=\u00bb2px\u00bb border_color_bottom=\u00bb#000000&#8243; global_colors_info=\u00bb{}\u00bb][et_pb_column type=\u00bb4_4&#8243; _builder_version=\u00bb4.14.6&#8243; _module_preset=\u00bbdefault\u00bb global_colors_info=\u00bb{}\u00bb][et_pb_text _builder_version=\u00bb4.14.6&#8243; _module_preset=\u00bbdefault\u00bb text_font=\u00bbNunito Sans|900|||||||\u00bb text_text_color=\u00bb#000000&#8243; text_font_size=\u00bb53px\u00bb text_line_height=\u00bb1.8em\u00bb hover_enabled=\u00bb0&#8243; global_colors_info=\u00bb{}\u00bb sticky_enabled=\u00bb0&#8243;]<\/p>\n<p>Bienvenido! Ac\u00e1 te guiaremos sobre c\u00f3mo crear tu tienda virtual en Pay<span style=\"color: #0000ff;\">Shop<\/span><\/p>\n<p>[\/et_pb_text][\/et_pb_column][\/et_pb_row][\/et_pb_section][et_pb_section fb_built=\u00bb1&#8243; _builder_version=\u00bb4.14.6&#8243; _module_preset=\u00bbdefault\u00bb hover_enabled=\u00bb0&#8243; da_disable_devices=\u00bboff|off|off\u00bb global_colors_info=\u00bb{}\u00bb sticky_enabled=\u00bb0&#8243; background_color=\u00bb#0C71C3&#8243; top_divider_style=\u00bbslant\u00bb top_divider_height=\u00bb25px\u00bb bottom_divider_style=\u00bbramp2&#8243; prev_background_color=\u00bb#ffffff\u00bb next_background_color=\u00bb#FFFFFF\u00bb da_is_popup=\u00bboff\u00bb da_exit_intent=\u00bboff\u00bb da_has_close=\u00bbon\u00bb da_alt_close=\u00bboff\u00bb da_dark_close=\u00bboff\u00bb da_not_modal=\u00bbon\u00bb da_is_singular=\u00bboff\u00bb da_with_loader=\u00bboff\u00bb da_has_shadow=\u00bbon\u00bb][et_pb_row column_structure=\u00bb1_2,1_2&#8243; _builder_version=\u00bb4.14.6&#8243; _module_preset=\u00bbdefault\u00bb background_enable_color=\u00bboff\u00bb border_radii=\u00bbon|20px|20px|20px|20px\u00bb global_colors_info=\u00bb{}\u00bb][et_pb_column type=\u00bb1_2&#8243; _builder_version=\u00bb4.14.6&#8243; _module_preset=\u00bbdefault\u00bb global_colors_info=\u00bb{}\u00bb][et_pb_text _builder_version=\u00bb4.14.6&#8243; _module_preset=\u00bbdefault\u00bb text_font=\u00bbNunito Sans|900|||||||\u00bb text_text_color=\u00bb#FFFFFF\u00bb text_font_size=\u00bb100px\u00bb text_line_height=\u00bb1.8em\u00bb text_orientation=\u00bbcenter\u00bb hover_enabled=\u00bb0&#8243; global_colors_info=\u00bb{}\u00bb sticky_enabled=\u00bb0&#8243;]<\/p>\n<p>1<\/p>\n<p>[\/et_pb_text][\/et_pb_column][et_pb_column type=\u00bb1_2&#8243; _builder_version=\u00bb4.14.6&#8243; _module_preset=\u00bbdefault\u00bb global_colors_info=\u00bb{}\u00bb][et_pb_text _builder_version=\u00bb4.14.6&#8243; _module_preset=\u00bbdefault\u00bb text_font=\u00bbNunito||||||||\u00bb text_text_color=\u00bb#FFFFFF\u00bb text_font_size=\u00bb29px\u00bb text_orientation=\u00bbcenter\u00bb hover_enabled=\u00bb0&#8243; global_colors_info=\u00bb{}\u00bb sticky_enabled=\u00bb0&#8243;]<\/p>\n<p>Reg\u00edstrate En el siguiente bot\u00f3n<\/p>\n<p>[\/et_pb_text][et_pb_button button_url=\u00bb@ET-DC@eyJkeW5hbWljIjp0cnVlLCJjb250ZW50IjoicG9zdF9saW5rX3VybF9wYWdlIiwic2V0dGluZ3MiOnsicG9zdF9pZCI6IjIwMzEifX0=@\u00bb button_text=\u00bbReg\u00edstrate\u00bb button_alignment=\u00bbcenter\u00bb _builder_version=\u00bb4.14.6&#8243; _dynamic_attributes=\u00bbbutton_url\u00bb _module_preset=\u00bbdefault\u00bb custom_button=\u00bbon\u00bb button_text_color=\u00bb#ffffff\u00bb button_bg_color=\u00bb#1f0ed3&#8243; button_border_width=\u00bb0px\u00bb button_border_radius=\u00bb20px\u00bb button_letter_spacing=\u00bb2px\u00bb button_font=\u00bbNunito Sans|900|||||||\u00bb button_icon=\u00bb&#xe0fb;||divi||400&#8243; button_text_shadow_style=\u00bbpreset1&#8243; box_shadow_style=\u00bbpreset2&#8243; global_colors_info=\u00bb{}\u00bb][\/et_pb_button][\/et_pb_column][\/et_pb_row][et_pb_row column_structure=\u00bb1_2,1_2&#8243; _builder_version=\u00bb4.14.6&#8243; _module_preset=\u00bbdefault\u00bb background_enable_color=\u00bboff\u00bb border_radii=\u00bbon|20px|20px|20px|20px\u00bb global_colors_info=\u00bb{}\u00bb][et_pb_column type=\u00bb1_2&#8243; _builder_version=\u00bb4.14.6&#8243; _module_preset=\u00bbdefault\u00bb global_colors_info=\u00bb{}\u00bb][et_pb_text _builder_version=\u00bb4.14.6&#8243; _module_preset=\u00bbdefault\u00bb text_font=\u00bbNunito Sans|900|||||||\u00bb text_text_color=\u00bb#FFFFFF\u00bb text_font_size=\u00bb100px\u00bb text_line_height=\u00bb1.8em\u00bb text_orientation=\u00bbcenter\u00bb hover_enabled=\u00bb0&#8243; global_colors_info=\u00bb{}\u00bb sticky_enabled=\u00bb0&#8243;]<\/p>\n<p>2<\/p>\n<p>[\/et_pb_text][\/et_pb_column][et_pb_column type=\u00bb1_2&#8243; _builder_version=\u00bb4.14.6&#8243; _module_preset=\u00bbdefault\u00bb global_colors_info=\u00bb{}\u00bb][et_pb_text _builder_version=\u00bb4.14.6&#8243; _module_preset=\u00bbdefault\u00bb text_font=\u00bbNunito||||||||\u00bb text_text_color=\u00bb#FFFFFF\u00bb text_font_size=\u00bb29px\u00bb text_orientation=\u00bbcenter\u00bb hover_enabled=\u00bb0&#8243; global_colors_info=\u00bb{}\u00bb sticky_enabled=\u00bb0&#8243;]<\/p>\n<p>Revisa tu <span style=\"color: #99ccff;\"><strong>Correo<\/strong><\/span><\/p>\n<p>[\/et_pb_text][et_pb_text _builder_version=\u00bb4.14.6&#8243; _module_preset=\u00bbdefault\u00bb text_font=\u00bbNunito||||||||\u00bb text_text_color=\u00bb#FFFFFF\u00bb hover_enabled=\u00bb0&#8243; global_colors_info=\u00bb{}\u00bb sticky_enabled=\u00bb0&#8243; text_font_size=\u00bb18px\u00bb]<\/p>\n<p>Al correo te llegar\u00e1n\u00a0 las credenciales de acceso al dashboard junto con tu dominio que tendr\u00e1 un aspecto similar a \u00e9ste:\u00a0 <strong><span style=\"color: #ff6600;\">Mitienda<\/span>.pay<span style=\"color: #99ccff;\">shop<\/span>.com.co<\/strong><\/p>\n<p>&nbsp;<\/p>\n<p>[\/et_pb_text][\/et_pb_column][\/et_pb_row][et_pb_row column_structure=\u00bb1_2,1_2&#8243; _builder_version=\u00bb4.14.6&#8243; _module_preset=\u00bbdefault\u00bb background_enable_color=\u00bboff\u00bb border_radii=\u00bbon|20px|20px|20px|20px\u00bb global_colors_info=\u00bb{}\u00bb][et_pb_column type=\u00bb1_2&#8243; _builder_version=\u00bb4.14.6&#8243; _module_preset=\u00bbdefault\u00bb global_colors_info=\u00bb{}\u00bb][et_pb_text _builder_version=\u00bb4.14.6&#8243; _module_preset=\u00bbdefault\u00bb text_font=\u00bbNunito Sans|900|||||||\u00bb text_text_color=\u00bb#FFFFFF\u00bb text_font_size=\u00bb100px\u00bb text_line_height=\u00bb1.8em\u00bb text_orientation=\u00bbcenter\u00bb hover_enabled=\u00bb0&#8243; global_colors_info=\u00bb{}\u00bb sticky_enabled=\u00bb0&#8243;]<\/p>\n<p>3<\/p>\n<p>[\/et_pb_text][\/et_pb_column][et_pb_column type=\u00bb1_2&#8243; _builder_version=\u00bb4.14.6&#8243; _module_preset=\u00bbdefault\u00bb global_colors_info=\u00bb{}\u00bb][et_pb_text _builder_version=\u00bb4.14.6&#8243; _module_preset=\u00bbdefault\u00bb text_font=\u00bbNunito||||||||\u00bb text_text_color=\u00bb#FFFFFF\u00bb text_font_size=\u00bb29px\u00bb text_orientation=\u00bbcenter\u00bb hover_enabled=\u00bb0&#8243; global_colors_info=\u00bb{}\u00bb sticky_enabled=\u00bb0&#8243;]<\/p>\n<p>Empieza a <span style=\"color: #99ccff;\"><strong>Vender<\/strong><\/span><\/p>\n<p>[\/et_pb_text][et_pb_text _builder_version=\u00bb4.14.6&#8243; _module_preset=\u00bbdefault\u00bb text_font=\u00bbNunito||||||||\u00bb text_text_color=\u00bb#FFFFFF\u00bb hover_enabled=\u00bb0&#8243; global_colors_info=\u00bb{}\u00bb sticky_enabled=\u00bb0&#8243; text_font_size=\u00bb18px\u00bb]<\/p>\n<p>Al ingresar al dashboard tendr\u00e1s toda la configuraci\u00f3n de tu tienda. Ahora simplemente sube tus productos y Listoa <span style=\"color: #0000ff;\">vender\u00a0<\/span><\/p>\n<p>[\/et_pb_text][\/et_pb_column][\/et_pb_row][\/et_pb_section]<\/p>\n","protected":false},"excerpt":{"rendered":"<p>Bienvenido! Ac\u00e1 te guiaremos sobre c\u00f3mo crear tu tienda virtual en PayShop1Reg\u00edstrate En el siguiente bot\u00f3n2Revisa tu CorreoAl correo te llegar\u00e1n\u00a0 las credenciales de acceso al dashboard junto con tu dominio que tendr\u00e1 un aspecto similar a \u00e9ste:\u00a0 Mitienda.payshop.com.co &nbsp;3Empieza a VenderAl ingresar al dashboard tendr\u00e1s toda la configuraci\u00f3n de tu tienda. Ahora simplemente sube [&hellip;]<\/p>\n","protected":false},"author":1,"featured_media":0,"parent":0,"menu_order":6,"comment_status":"closed","ping_status":"closed","template":"","meta":{"_et_pb_use_builder":"on","_et_pb_old_content":"","_et_gb_content_width":"","content-type":"","_monsterinsights_skip_tracking":false,"_monsterinsights_sitenote_active":false,"_monsterinsights_sitenote_note":"","_monsterinsights_sitenote_category":0,"_joinchat":[],"footnotes":""},"class_list":["post-1949","page","type-page","status-publish","hentry"],"yoast_head":"<!-- This site is optimized with the Yoast SEO plugin v27.0 - https:\/\/yoast.com\/product\/yoast-seo-wordpress\/ -->\n<title>Como funciona tu tienda - PayShop<\/title>\n<meta name=\"robots\" content=\"index, follow, max-snippet:-1, max-image-preview:large, max-video-preview:-1\" \/>\n<link rel=\"canonical\" href=\"https:\/\/payshop.com.co\/?page_id=1949\" \/>\n<meta property=\"og:locale\" content=\"es_ES\" \/>\n<meta property=\"og:type\" content=\"article\" \/>\n<meta property=\"og:title\" content=\"Como funciona tu tienda - PayShop\" \/>\n<meta property=\"og:description\" content=\"Bienvenido! Ac\u00e1 te guiaremos sobre c\u00f3mo crear tu tienda virtual en PayShop1Reg\u00edstrate En el siguiente bot\u00f3n2Revisa tu CorreoAl correo te llegar\u00e1n\u00a0 las credenciales de acceso al dashboard junto con tu dominio que tendr\u00e1 un aspecto similar a \u00e9ste:\u00a0 Mitienda.payshop.com.co &nbsp;3Empieza a VenderAl ingresar al dashboard tendr\u00e1s toda la configuraci\u00f3n de tu tienda. Ahora simplemente sube [&hellip;]\" \/>\n<meta property=\"og:url\" content=\"https:\/\/payshop.com.co\/?page_id=1949\" \/>\n<meta property=\"og:site_name\" content=\"PayShop\" \/>\n<meta property=\"article:modified_time\" content=\"2022-05-11T19:18:10+00:00\" \/>\n<meta name=\"twitter:card\" content=\"summary_large_image\" \/>\n<meta name=\"twitter:label1\" content=\"Tiempo de lectura\" \/>\n\t<meta name=\"twitter:data1\" content=\"4 minutos\" \/>\n<script type=\"application\/ld+json\" class=\"yoast-schema-graph\">{\"@context\":\"https:\/\/schema.org\",\"@graph\":[{\"@type\":\"WebPage\",\"@id\":\"https:\/\/payshop.com.co\/?page_id=1949\",\"url\":\"https:\/\/payshop.com.co\/?page_id=1949\",\"name\":\"Como funciona tu tienda - PayShop\",\"isPartOf\":{\"@id\":\"https:\/\/payshop.com.co\/#website\"},\"datePublished\":\"2022-01-20T21:30:17+00:00\",\"dateModified\":\"2022-05-11T19:18:10+00:00\",\"breadcrumb\":{\"@id\":\"https:\/\/payshop.com.co\/?page_id=1949#breadcrumb\"},\"inLanguage\":\"es\",\"potentialAction\":[{\"@type\":\"ReadAction\",\"target\":[\"https:\/\/payshop.com.co\/?page_id=1949\"]}]},{\"@type\":\"BreadcrumbList\",\"@id\":\"https:\/\/payshop.com.co\/?page_id=1949#breadcrumb\",\"itemListElement\":[{\"@type\":\"ListItem\",\"position\":1,\"name\":\"Portada\",\"item\":\"https:\/\/payshop.com.co\/\"},{\"@type\":\"ListItem\",\"position\":2,\"name\":\"Como funciona tu tienda\"}]},{\"@type\":\"WebSite\",\"@id\":\"https:\/\/payshop.com.co\/#website\",\"url\":\"https:\/\/payshop.com.co\/\",\"name\":\"PayShop\",\"description\":\"Crea tu Tienda Gratis\",\"potentialAction\":[{\"@type\":\"SearchAction\",\"target\":{\"@type\":\"EntryPoint\",\"urlTemplate\":\"https:\/\/payshop.com.co\/?s={search_term_string}\"},\"query-input\":{\"@type\":\"PropertyValueSpecification\",\"valueRequired\":true,\"valueName\":\"search_term_string\"}}],\"inLanguage\":\"es\"}]}<\/script>\n<!-- \/ Yoast SEO plugin. -->","yoast_head_json":{"title":"Como funciona tu tienda - PayShop","robots":{"index":"index","follow":"follow","max-snippet":"max-snippet:-1","max-image-preview":"max-image-preview:large","max-video-preview":"max-video-preview:-1"},"canonical":"https:\/\/payshop.com.co\/?page_id=1949","og_locale":"es_ES","og_type":"article","og_title":"Como funciona tu tienda - PayShop","og_description":"Bienvenido! Ac\u00e1 te guiaremos sobre c\u00f3mo crear tu tienda virtual en PayShop1Reg\u00edstrate En el siguiente bot\u00f3n2Revisa tu CorreoAl correo te llegar\u00e1n\u00a0 las credenciales de acceso al dashboard junto con tu dominio que tendr\u00e1 un aspecto similar a \u00e9ste:\u00a0 Mitienda.payshop.com.co &nbsp;3Empieza a VenderAl ingresar al dashboard tendr\u00e1s toda la configuraci\u00f3n de tu tienda. Ahora simplemente sube [&hellip;]","og_url":"https:\/\/payshop.com.co\/?page_id=1949","og_site_name":"PayShop","article_modified_time":"2022-05-11T19:18:10+00:00","twitter_card":"summary_large_image","twitter_misc":{"Tiempo de lectura":"4 minutos"},"schema":{"@context":"https:\/\/schema.org","@graph":[{"@type":"WebPage","@id":"https:\/\/payshop.com.co\/?page_id=1949","url":"https:\/\/payshop.com.co\/?page_id=1949","name":"Como funciona tu tienda - PayShop","isPartOf":{"@id":"https:\/\/payshop.com.co\/#website"},"datePublished":"2022-01-20T21:30:17+00:00","dateModified":"2022-05-11T19:18:10+00:00","breadcrumb":{"@id":"https:\/\/payshop.com.co\/?page_id=1949#breadcrumb"},"inLanguage":"es","potentialAction":[{"@type":"ReadAction","target":["https:\/\/payshop.com.co\/?page_id=1949"]}]},{"@type":"BreadcrumbList","@id":"https:\/\/payshop.com.co\/?page_id=1949#breadcrumb","itemListElement":[{"@type":"ListItem","position":1,"name":"Portada","item":"https:\/\/payshop.com.co\/"},{"@type":"ListItem","position":2,"name":"Como funciona tu tienda"}]},{"@type":"WebSite","@id":"https:\/\/payshop.com.co\/#website","url":"https:\/\/payshop.com.co\/","name":"PayShop","description":"Crea tu Tienda Gratis","potentialAction":[{"@type":"SearchAction","target":{"@type":"EntryPoint","urlTemplate":"https:\/\/payshop.com.co\/?s={search_term_string}"},"query-input":{"@type":"PropertyValueSpecification","valueRequired":true,"valueName":"search_term_string"}}],"inLanguage":"es"}]}},"_links":{"self":[{"href":"https:\/\/payshop.com.co\/index.php?rest_route=\/wp\/v2\/pages\/1949","targetHints":{"allow":["GET"]}}],"collection":[{"href":"https:\/\/payshop.com.co\/index.php?rest_route=\/wp\/v2\/pages"}],"about":[{"href":"https:\/\/payshop.com.co\/index.php?rest_route=\/wp\/v2\/types\/page"}],"author":[{"embeddable":true,"href":"https:\/\/payshop.com.co\/index.php?rest_route=\/wp\/v2\/users\/1"}],"replies":[{"embeddable":true,"href":"https:\/\/payshop.com.co\/index.php?rest_route=%2Fwp%2Fv2%2Fcomments&post=1949"}],"version-history":[{"count":16,"href":"https:\/\/payshop.com.co\/index.php?rest_route=\/wp\/v2\/pages\/1949\/revisions"}],"predecessor-version":[{"id":2391,"href":"https:\/\/payshop.com.co\/index.php?rest_route=\/wp\/v2\/pages\/1949\/revisions\/2391"}],"wp:attachment":[{"href":"https:\/\/payshop.com.co\/index.php?rest_route=%2Fwp%2Fv2%2Fmedia&parent=1949"}],"curies":[{"name":"wp","href":"https:\/\/api.w.org\/{rel}","templated":true}]}}